{"id":484,"date":"2024-12-06T17:33:21","date_gmt":"2024-12-06T17:33:21","guid":{"rendered":"https:\/\/campusvalentino.polito.it\/?page_id=484"},"modified":"2025-11-27T10:45:55","modified_gmt":"2025-11-27T10:45:55","slug":"modello-fisico-virtuale","status":"publish","type":"page","link":"https:\/\/campusvalentino.polito.it\/index.php\/home\/modello-fisico-virtuale\/","title":{"rendered":"modello fisico\/virtuale"},"content":{"rendered":"\n<h1 class=\"wp-block-heading alignwide has-text-align-center has-custom-color-2-color has-text-color has-link-color wp-elements-d158566d96e716fddc91ef4dd3bc7b4b\" style=\"padding-top:0;padding-right:var(--wp--preset--spacing--20);padding-bottom:var(--wp--preset--spacing--50);padding-left:var(--wp--preset--spacing--20)\"><strong>MODELLO FISICO\/VIRTUALE<\/strong><\/h1>\n\n\n\n<figure class=\"wp-block-image alignwide size-large\"><img loading=\"lazy\" decoding=\"async\" width=\"1024\" height=\"370\" src=\"https:\/\/campusvalentino.polito.it\/wp-content\/uploads\/2024\/12\/Modello-fisico-aumentato_low-1024x370.jpg\" alt=\"\" class=\"wp-image-621\" srcset=\"https:\/\/campusvalentino.polito.it\/wp-content\/uploads\/2024\/12\/Modello-fisico-aumentato_low-1024x370.jpg 1024w, https:\/\/campusvalentino.polito.it\/wp-content\/uploads\/2024\/12\/Modello-fisico-aumentato_low-300x108.jpg 300w, https:\/\/campusvalentino.polito.it\/wp-content\/uploads\/2024\/12\/Modello-fisico-aumentato_low-768x277.jpg 768w, https:\/\/campusvalentino.polito.it\/wp-content\/uploads\/2024\/12\/Modello-fisico-aumentato_low-1536x554.jpg 1536w, https:\/\/campusvalentino.polito.it\/wp-content\/uploads\/2024\/12\/Modello-fisico-aumentato_low-2048x739.jpg 2048w\" sizes=\"auto, (max-width: 1024px) 100vw, 1024px\" \/><\/figure>\n\n\n\n<div style=\"height:26px\" aria-hidden=\"true\" class=\"wp-block-spacer\"><\/div>\n\n\n\n<div class=\"wp-block-columns alignwide is-layout-flex wp-container-core-columns-is-layout-2fd9176f wp-block-columns-is-layout-flex\" style=\"margin-top:var(--wp--preset--spacing--70);margin-bottom:var(--wp--preset--spacing--70);padding-bottom:var(--wp--preset--spacing--40)\">\n<div class=\"wp-block-column is-vertically-aligned-top is-layout-flow wp-block-column-is-layout-flow\" style=\"padding-top:0;padding-right:0;padding-left:var(--wp--preset--spacing--80)\">\n<p class=\"has-text-align-left has-normal-font-size\" style=\"margin-right:0;margin-left:0;font-style:normal;font-weight:500\"><strong>MODELLO FISICO AUMENTATO<\/strong><\/p>\n\n\n\n<div style=\"height:2px\" aria-hidden=\"true\" class=\"wp-block-spacer\"><\/div>\n\n\n\n<p class=\"has-text-align-left has-normal-font-size\" style=\"margin-right:0;margin-left:0;font-style:normal;font-weight:500\"><strong>Presentazione dinamica delle trasformazioni nel continuum reale-virtuale<\/strong><\/p>\n\n\n\n<div style=\"height:27px\" aria-hidden=\"true\" class=\"wp-block-spacer\"><\/div>\n\n\n\n<p class=\"has-text-align-left has-normal-font-size\" style=\"margin-right:0;margin-left:0;line-height:1.3\">Un modello fisico in scala 1:500 rappresenta il progetto del Campus inserito nel contesto urbano e ambientale, evidenziando i manufatti destinati alle attivit\u00e0 didattiche e laboratoriali. Il modello \u00e8 stato realizzato con tecniche di digital fabrication a partire da un modello digitale complessivo.<br>La sovrapposizione di strati digitali al modello fisico ne accresce il livello informativo e supporta il coinvolgimento del pubblico attraverso l\u2019implementazione di una webAR impostata secondo un percorso per tappe che individuano gli elementi di progetto e di contesto pi\u00f9 significativi. Marker e QRcode attivano l\u2019esperienza in realt\u00e0 aumentata, fruibile da smartphone senza necessit\u00e0 di installare un&#8217;app.<br>Il modello fisico aumentato \u00e8 implementabile, sia attraverso l\u2019addizione di elementi in fase di progetto, sia dal punto di vista informativo, registrando le fasi di sviluppo dei lavori.<\/p>\n<\/div>\n\n\n\n<div class=\"wp-block-column is-vertically-aligned-top is-layout-flow wp-block-column-is-layout-flow\" style=\"padding-top:0;padding-right:var(--wp--preset--spacing--80)\">\n<div class=\"wp-block-group is-vertical is-nowrap is-layout-flex wp-container-core-group-is-layout-6fe931d8 wp-block-group-is-layout-flex\">\n<p class=\"has-text-align-left has-foreground-color has-text-color has-link-color has-normal-font-size wp-elements-bd527e29fce752d4ee8c72f0cd07d3de\" style=\"margin-top:0;margin-right:var(--wp--preset--spacing--40);margin-bottom:0;margin-left:var(--wp--preset--spacing--40);font-style:normal;font-weight:300\"><strong>AUGMENTED SCALE MODEL<\/strong><\/p>\n\n\n\n<div style=\"height:0px\" aria-hidden=\"true\" class=\"wp-block-spacer wp-container-content-c1d130ea\"><\/div>\n<\/div>\n\n\n\n<p class=\"has-text-align-left has-foreground-color has-text-color has-link-color has-normal-font-size wp-elements-c678e84d642bac2da69ed54faef25ea0\" style=\"margin-top:0;margin-right:var(--wp--preset--spacing--40);margin-bottom:0;margin-left:var(--wp--preset--spacing--40);font-style:normal;font-weight:300;line-height:1.3\"><strong>Dynamic presentation of transformations in the real\u2013virtual continuum<\/strong><\/p>\n\n\n\n<div style=\"height:27px\" aria-hidden=\"true\" class=\"wp-block-spacer\"><\/div>\n\n\n\n<p class=\"has-text-align-left has-foreground-color has-text-color has-link-color has-normal-font-size wp-elements-03575ec8daec516defb6f48e86fa1408\" style=\"margin-top:0;margin-right:var(--wp--preset--spacing--40);margin-bottom:0;margin-left:var(--wp--preset--spacing--40);font-style:normal;font-weight:300;line-height:1.3\">A physical model at a scale of 1:500 represents the campus project set in the urban and environmental context and highlights the artifacts designed for teaching and laboratory activities. The model was created using digital fabrication techniques from an overall digital model.<br>The superimposition of digital layers on the scale model increases its level of information. It supports the public&#8217;s involvement by implementing a webAR setup according to a step-by-step path that identifies the most significant design and context elements. Markers and QR codes activate the augmented reality experience, which is usable through smartphones without installing an app.<br>The augmented scale model can be implemented by adding elements in the design phase and, from an informative point of view, by recording the development phases of the works.<\/p>\n<\/div>\n<\/div>\n\n\n\n<figure class=\"wp-block-image alignwide size-large\"><img loading=\"lazy\" decoding=\"async\" width=\"1024\" height=\"607\" src=\"https:\/\/campusvalentino.polito.it\/wp-content\/uploads\/2024\/12\/modellofisicovirtuale_01-1024x607.jpg\" alt=\"\" class=\"wp-image-610\" srcset=\"https:\/\/campusvalentino.polito.it\/wp-content\/uploads\/2024\/12\/modellofisicovirtuale_01-1024x607.jpg 1024w, https:\/\/campusvalentino.polito.it\/wp-content\/uploads\/2024\/12\/modellofisicovirtuale_01-300x178.jpg 300w, https:\/\/campusvalentino.polito.it\/wp-content\/uploads\/2024\/12\/modellofisicovirtuale_01-768x455.jpg 768w, https:\/\/campusvalentino.polito.it\/wp-content\/uploads\/2024\/12\/modellofisicovirtuale_01-1536x910.jpg 1536w, https:\/\/campusvalentino.polito.it\/wp-content\/uploads\/2024\/12\/modellofisicovirtuale_01-2048x1214.jpg 2048w\" sizes=\"auto, (max-width: 1024px) 100vw, 1024px\" \/><\/figure>\n\n\n\n<figure class=\"wp-block-gallery alignwide has-nested-images columns-default is-cropped wp-block-gallery-1 is-layout-flex wp-block-gallery-is-layout-flex\">\n<figure class=\"wp-block-image size-full\"><img loading=\"lazy\" decoding=\"async\" width=\"950\" height=\"633\" data-id=\"619\" src=\"https:\/\/campusvalentino.polito.it\/wp-content\/uploads\/2024\/12\/1_.gif\" alt=\"\" class=\"wp-image-619\"\/><\/figure>\n\n\n\n<figure class=\"wp-block-image size-full\"><img loading=\"lazy\" decoding=\"async\" width=\"2046\" height=\"1364\" data-id=\"615\" src=\"https:\/\/campusvalentino.polito.it\/wp-content\/uploads\/2024\/12\/modellofisicovirtuale_02.jpg\" alt=\"\" class=\"wp-image-615\" srcset=\"https:\/\/campusvalentino.polito.it\/wp-content\/uploads\/2024\/12\/modellofisicovirtuale_02.jpg 2046w, https:\/\/campusvalentino.polito.it\/wp-content\/uploads\/2024\/12\/modellofisicovirtuale_02-300x200.jpg 300w, https:\/\/campusvalentino.polito.it\/wp-content\/uploads\/2024\/12\/modellofisicovirtuale_02-1024x683.jpg 1024w, https:\/\/campusvalentino.polito.it\/wp-content\/uploads\/2024\/12\/modellofisicovirtuale_02-768x512.jpg 768w, https:\/\/campusvalentino.polito.it\/wp-content\/uploads\/2024\/12\/modellofisicovirtuale_02-1536x1024.jpg 1536w\" sizes=\"auto, (max-width: 2046px) 100vw, 2046px\" \/><\/figure>\n<\/figure>\n\n\n\n<figure class=\"wp-block-image alignwide size-large\"><img loading=\"lazy\" decoding=\"async\" width=\"1024\" height=\"569\" src=\"https:\/\/campusvalentino.polito.it\/wp-content\/uploads\/2024\/12\/Foto-modello_brochure_low-1024x569.jpg\" alt=\"\" class=\"wp-image-622\" srcset=\"https:\/\/campusvalentino.polito.it\/wp-content\/uploads\/2024\/12\/Foto-modello_brochure_low-1024x569.jpg 1024w, https:\/\/campusvalentino.polito.it\/wp-content\/uploads\/2024\/12\/Foto-modello_brochure_low-300x167.jpg 300w, https:\/\/campusvalentino.polito.it\/wp-content\/uploads\/2024\/12\/Foto-modello_brochure_low-768x427.jpg 768w, https:\/\/campusvalentino.polito.it\/wp-content\/uploads\/2024\/12\/Foto-modello_brochure_low-1536x854.jpg 1536w, https:\/\/campusvalentino.polito.it\/wp-content\/uploads\/2024\/12\/Foto-modello_brochure_low-2048x1138.jpg 2048w\" sizes=\"auto, (max-width: 1024px) 100vw, 1024px\" \/><\/figure>\n","protected":false},"excerpt":{"rendered":"<p>MODELLO FISICO\/VIRTUALE MODELLO FISICO AUMENTATO Presentazione dinamica delle trasformazioni nel continuum reale-virtuale Un modello fisico in scala 1:500 rappresenta il progetto del Campus inserito nel contesto urbano e ambientale, evidenziando i manufatti destinati alle attivit\u00e0 didattiche e laboratoriali. Il modello \u00e8 stato realizzato con tecniche di digital fabrication a partire da un modello digitale complessivo.La [&hellip;]<\/p>\n","protected":false},"author":1,"featured_media":0,"parent":177,"menu_order":0,"comment_status":"closed","ping_status":"closed","template":"","meta":{"footnotes":""},"class_list":["post-484","page","type-page","status-publish","hentry"],"_links":{"self":[{"href":"https:\/\/campusvalentino.polito.it\/index.php\/wp-json\/wp\/v2\/pages\/484","targetHints":{"allow":["GET"]}}],"collection":[{"href":"https:\/\/campusvalentino.polito.it\/index.php\/wp-json\/wp\/v2\/pages"}],"about":[{"href":"https:\/\/campusvalentino.polito.it\/index.php\/wp-json\/wp\/v2\/types\/page"}],"author":[{"embeddable":true,"href":"https:\/\/campusvalentino.polito.it\/index.php\/wp-json\/wp\/v2\/users\/1"}],"replies":[{"embeddable":true,"href":"https:\/\/campusvalentino.polito.it\/index.php\/wp-json\/wp\/v2\/comments?post=484"}],"version-history":[{"count":16,"href":"https:\/\/campusvalentino.polito.it\/index.php\/wp-json\/wp\/v2\/pages\/484\/revisions"}],"predecessor-version":[{"id":840,"href":"https:\/\/campusvalentino.polito.it\/index.php\/wp-json\/wp\/v2\/pages\/484\/revisions\/840"}],"up":[{"embeddable":true,"href":"https:\/\/campusvalentino.polito.it\/index.php\/wp-json\/wp\/v2\/pages\/177"}],"wp:attachment":[{"href":"https:\/\/campusvalentino.polito.it\/index.php\/wp-json\/wp\/v2\/media?parent=484"}],"curies":[{"name":"wp","href":"https:\/\/api.w.org\/{rel}","templated":true}]}}